{"id":53,"date":"2010-09-16T00:33:59","date_gmt":"2010-09-16T00:33:59","guid":{"rendered":"http:\/\/kukuma.blogsport.eu\/"},"modified":"2010-09-16T00:33:59","modified_gmt":"2010-09-16T00:33:59","slug":"uber-kukuma","status":"publish","type":"page","link":"https:\/\/kukuma.org\/?page_id=53","title":{"rendered":"\u00fcber KuKuMA"},"content":{"rendered":"<p><strong>\u00dcber Ku\u00adKu\u00adMA<\/strong><\/p>\n<p>KuKuMA ist ein dezentrales Netzwerk es besteht nicht nur aus einer einzelnen Gruppe, sondern aus verschiedenen Projekten in den Bereichen Kunst (Ku) Kultur (Ku) und Medien (M). Ziel ist es in diesen Bereichen Alternativen (A) aufzubauen.<\/p>\n<p>Jeder und jede kann sich in den Gruppen engagieren, die Gruppen agieren frei und selbst\u00e4ndig.<\/p>\n<p>Da uns ein offener Zugang wichtig ist, ist die Teilnahme bei allen Projekten\/Gruppen kostenlos oder auf freier Preispolitik basierend.<\/p>\n<p>Wir sind ein Netzwerk das sich seit Herbst 2005 zusammenfindet.<\/p>\n<p>Warum wir aktiv sind?<\/p>\n<p>Das, was in \u00d6sterreich unter Ku Ku und M l\u00e4uft ist zu steril und festgefahren; wir wollen Eigenes verwirklichen und unsere Ideen leben (Alternativen). Dabei offen zu sein, Raum zu schaffen und uns mit Gleichgesinnten zu vernetzen ist uns wichtig.<\/p>\n<p>Aus dem kleinen Gr\u00fcndungsteam sind mehrere stetig wachsende Projekte geworden.<\/p>\n<p>Ein wichtiger Aspekt unserer T\u00e4tigkeit ist es (deine?) Ideen, an uns herangetragen werden, zu realisieren.<\/p>\n<p>Wenn jemand eine Idee f\u00fcr ein Projekt oder eine Gruppe hat, so kann er\/sie sich jederzeit an uns wenden. Wir helfen dir den n\u00f6tigen Raum\/ die n\u00f6tigen Ressourcen zu bekommen, bewerben dein Projekt und geben dir Starthilfe. Ob und wie du mit deinem Projekt im KuKuMA Netzwerk aktiv sein m\u00f6chtest bleibt dir \u00fcberlassen.<\/p>\n<p>Als einzelnes Ku Ku\/ M Projekt steht mensch relativ alleine da (und alleine ist es schwierig). Dem Anspruch gerecht zu werden vom (selbst-) Geschaffenen leben zu k\u00f6nnen ist dann wirklich Kunst. Erst wenn wir anfangen gr\u00f6\u00dfere Netzwerke zu bilden kommen wir weiter. Gemeinsam sind wir st\u00e4rker und k\u00f6nnen einander unterst\u00fctzen und unsere Ideen umsetzten.<\/p>\n<p style=\"text-align: center\"><strong>KuKuMA ist ein gro\u00dfes und offenes Projekt f\u00fcr viele Menschen, dass w\u00e4chst und sich und Anderen neue M\u00f6glichkeiten schafft.<\/strong><\/p>\n<p style=\"text-align: center\"><strong><em> Weil Kunst mehr ist, als Bilder hinter Glas,<\/em><\/strong><\/p>\n<p style=\"text-align: center\"><strong><em>Kultur mehr, als ein tristes Dahinvegetieren,<\/em><\/strong><\/p>\n<p style=\"text-align: center\"><strong><em>Medien mehr, als fette Schlagzeilen sind.<br \/>\n<\/em><\/strong><\/p>\n<p style=\"text-align: center\"><strong>Weil wir ein Recht darauf haben unsere Ideen zu leben.<\/strong><\/p>\n","protected":false},"excerpt":{"rendered":"<p>\u00dcber Ku\u00adKu\u00adMA KuKuMA ist ein dezentrales Netzwerk es besteht nicht nur aus einer einzelnen Gruppe, sondern aus verschiedenen Projekten in den Bereichen Kunst (Ku) Kultur (Ku) und Medien (M). Ziel ist es in diesen Bereichen Alternativen (A) aufzubauen. Jeder und jede kann sich in den Gruppen engagieren, die Gruppen agieren frei und selbst\u00e4ndig. Da uns [&hellip;]<\/p>\n","protected":false},"author":3,"featured_media":0,"parent":0,"menu_order":0,"comment_status":"open","ping_status":"open","template":"onecolumn-page.php","meta":{"footnotes":""},"class_list":["post-53","page","type-page","status-publish","hentry"],"_links":{"self":[{"href":"https:\/\/kukuma.org\/index.php?rest_route=\/wp\/v2\/pages\/53","targetHints":{"allow":["GET"]}}],"collection":[{"href":"https:\/\/kukuma.org\/index.php?rest_route=\/wp\/v2\/pages"}],"about":[{"href":"https:\/\/kukuma.org\/index.php?rest_route=\/wp\/v2\/types\/page"}],"author":[{"embeddable":true,"href":"https:\/\/kukuma.org\/index.php?rest_route=\/wp\/v2\/users\/3"}],"replies":[{"embeddable":true,"href":"https:\/\/kukuma.org\/index.php?rest_route=%2Fwp%2Fv2%2Fcomments&post=53"}],"version-history":[{"count":0,"href":"https:\/\/kukuma.org\/index.php?rest_route=\/wp\/v2\/pages\/53\/revisions"}],"wp:attachment":[{"href":"https:\/\/kukuma.org\/index.php?rest_route=%2Fwp%2Fv2%2Fmedia&parent=53"}],"curies":[{"name":"wp","href":"https:\/\/api.w.org\/{rel}","templated":true}]}}