{"id":39,"date":"2010-09-14T22:57:04","date_gmt":"2010-09-14T22:57:04","guid":{"rendered":"http:\/\/kukuma.blogsport.eu\/"},"modified":"2010-09-14T22:57:04","modified_gmt":"2010-09-14T22:57:04","slug":"info-material","status":"publish","type":"page","link":"https:\/\/kukuma.org\/?page_id=39","title":{"rendered":"Info Material"},"content":{"rendered":"<p><strong>Wird laufend erweitert und steht erst am Anfang!<\/strong><\/p>\n<p>Die verschiedenen Info-Materialien k\u00f6nnt ihr bei Veranstaltungen von uns mitnehmen, zu den \u00d6ffnungszeiten im Kaleidoskop abholen oder euch auch per Post schicken lasse.<\/p>\n<p>(daf\u00fcr m\u00fcsst ihr uns eine e-mail mit eurer Adresse schicken &#8211; wir k\u00f6nnen nur per Nachnahme schicken &#8211; wir haben kein Geld f\u00fcr Portokosten!)<\/p>\n<p>Gerne freun wir uns \u00fcber Spenden f\u00fcr das Material &#8211; sonst einfach nehmen &amp; verwenden!<\/p>\n<p><strong>Sticker<\/strong><\/p>\n<p>KuKuMA<br \/>\n<a href=\"http:\/\/kukuma.blogsport.eu\/files\/2010\/09\/motiv5.gif\"><img loading=\"lazy\" decoding=\"async\" class=\"alignnone size-full wp-image-95\" src=\"http:\/\/kukuma.blogsport.eu\/files\/2010\/09\/motiv5.gif\" alt=\"\" width=\"392\" height=\"392\" \/><\/a><\/p>\n<p>Still Lovin Activism<br \/>\n<a href=\"http:\/\/kukuma.blogsport.eu\/files\/2010\/09\/motiv1.gif\"><img loading=\"lazy\" decoding=\"async\" class=\"alignnone size-full wp-image-97\" src=\"http:\/\/kukuma.blogsport.eu\/files\/2010\/09\/motiv1.gif\" alt=\"\" width=\"447\" height=\"447\" \/><\/a><\/p>\n<p>\u00e4ltere Motive (Restposten vorhanden)<br \/>\n<img loading=\"lazy\" decoding=\"async\" class=\"alignnone\" src=\"http:\/\/KuKuMA.blogsport.de\/images\/kulturasche.gif\" alt=\"\" width=\"420\" height=\"343\" \/><\/p>\n","protected":false},"excerpt":{"rendered":"<p>Wird laufend erweitert und steht erst am Anfang! Die verschiedenen Info-Materialien k\u00f6nnt ihr bei Veranstaltungen von uns mitnehmen, zu den \u00d6ffnungszeiten im Kaleidoskop abholen oder euch auch per Post schicken lasse. (daf\u00fcr m\u00fcsst ihr uns eine e-mail mit eurer Adresse schicken &#8211; wir k\u00f6nnen nur per Nachnahme schicken &#8211; wir haben kein Geld f\u00fcr Portokosten!) [&hellip;]<\/p>\n","protected":false},"author":3,"featured_media":0,"parent":0,"menu_order":0,"comment_status":"open","ping_status":"open","template":"","meta":{"footnotes":""},"class_list":["post-39","page","type-page","status-publish","hentry"],"_links":{"self":[{"href":"https:\/\/kukuma.org\/index.php?rest_route=\/wp\/v2\/pages\/39","targetHints":{"allow":["GET"]}}],"collection":[{"href":"https:\/\/kukuma.org\/index.php?rest_route=\/wp\/v2\/pages"}],"about":[{"href":"https:\/\/kukuma.org\/index.php?rest_route=\/wp\/v2\/types\/page"}],"author":[{"embeddable":true,"href":"https:\/\/kukuma.org\/index.php?rest_route=\/wp\/v2\/users\/3"}],"replies":[{"embeddable":true,"href":"https:\/\/kukuma.org\/index.php?rest_route=%2Fwp%2Fv2%2Fcomments&post=39"}],"version-history":[{"count":0,"href":"https:\/\/kukuma.org\/index.php?rest_route=\/wp\/v2\/pages\/39\/revisions"}],"wp:attachment":[{"href":"https:\/\/kukuma.org\/index.php?rest_route=%2Fwp%2Fv2%2Fmedia&parent=39"}],"curies":[{"name":"wp","href":"https:\/\/api.w.org\/{rel}","templated":true}]}}