{"id":37,"date":"2010-09-14T22:40:32","date_gmt":"2010-09-14T22:40:32","guid":{"rendered":"http:\/\/kukuma.blogsport.eu\/"},"modified":"2012-09-09T21:03:02","modified_gmt":"2012-09-09T19:03:02","slug":"links","status":"publish","type":"page","link":"https:\/\/kukuma.org\/?page_id=37","title":{"rendered":"Links"},"content":{"rendered":"<p><em>vernetz dich!<\/em><\/p>\n<p><img loading=\"lazy\" decoding=\"async\" class=\"alignnone\" src=\"http:\/\/farm4.static.flickr.com\/3037\/2969274317_7232b24512_o.gif\" alt=\"\" width=\"495\" height=\"183\" \/><br \/>\n<strong> VernetzungsArbeit findet Stadt!<\/strong><\/p>\n<p><em>Momentan suchen wir ein Link-System das eher unseren Bed\u00fcrfnissen entspricht und wordpress kompatible ist &#8211; sobald wir es gefunden haben wird es hier \u00fcbersichtlicher<\/em>!<\/p>\n<p><strong><em>\/\/ Gruppen\/ Plattformen und Projekte im erweiterten Netzwerk \/\/<\/em><\/strong><\/p>\n<p><strong>Vernetzung <\/strong><strong>(die):<\/strong><br \/>\n<em> Etwas wor\u00fcber gerne (und viel) geredet wird (und selten etwas passiert).<\/em><\/p>\n<p>Deshalb  Vernetzungsarbeit in Wien und Anderswo;<br \/>\num gemeinsames aufzudecken und im alternativen\/politischen (Gegen)Kultur Bereich weiter zu kommen.<\/p>\n<p>Wir verlinken ausschlie\u00dflich Projekte\/ Gruppen\/ Plattformen und Netzwerke zu denen wir selbst direkten Kontakt haben oder mit denen wir zusammen arbeiten.<\/p>\n<p>Folgende Kategorien:<\/p>\n<p><strong>Plattformen\/ Netzwerke aus Wien: <\/strong>IG Kultur Wien, AktionsTag F13, n3tw0rk Forum, Anarchismus Info, Indymdia.at, kanal B, lnxnt.org \u2013 linxnet, Lobauer Fr\u00fchling, no-racism.net, Plattform f\u00fcr solidarische \u00d6konomie<\/p>\n<p><strong>Gruppen\/ Projekte aus Wien:<\/strong>Aufgem\u00f6belt, Augustin, Bah\u00f6 Magasin, Bioparadeis, BastA, Bike Kitchen, Critical Mass Wien, Das Werk, Deserteursberatung, Debienna, Einbaum\u00f6bel, EKH, FrauenZentrumWien, Freiraum, GAJ, Grundrisse, i:da, Kama, keine_uni, Lolligo, Lichtungen, Mik22, Movimento, Pankahyttn, Rosa Antifa Wien, SiebdruckWerkstatt, Subterrarium, T\u00fcwi, T\u00f6chter der Kunst, United Aliens, uoqbon, Vekks, Wagenplatz, W417, WEG<\/p>\n<p><strong>Projekte\/ Gruppen\/ Plattformen\/ Netzwerke aus anderen Teilen \u00d6sterreichs: <\/strong>\u00d6-Weit: Die Normale, Critical mass, Freegan \/\/ Ober\u00f6sterreich: Kultur SozialForum Freiwerk \/\/<\/p>\n<p><strong>Projekte\/ Gruppen\/ Plattformen\/ Netzwerke\/ Weltweit:<\/strong>Worldwide: Indymdia.org \/\/ Paris: bon pied bon oeil collectif \/\/ Deutschland: Projektwerkstatt \/\/ Berlin: ABB -ABOLISHING THE BORDERS FROM BELOW<\/p>\n<p><strong>Texte und Material zum Thema: <\/strong>Innovationspreis 2008 \/\/ Folder Aktionstag 21.09.07<\/p>\n<p><strong>Plattformen\/ Netzwerke:<\/strong> Verb\u00fcndete Strukturen, breitere Netzwerke und regionale Ankn\u00fcpfungen finden hier ihr zuhause.<\/p>\n<p><strong>IGKW<\/strong><\/p>\n<p><em>KuKuMA ist Mitglied bei der IG (= Interesses Gemeinschaft) Kultur Wien.<\/em><br \/>\nDie IG KulturWien ist eine Plattform f\u00fcr \u00fcber 100 Vereinen und Personengruppen die im Gro\u00dfraum Wien aktiv sind und sich selbst der \u201efreien\u201c Kulur Szene zuordnen.<br \/>\nDie IGKW bietet Service, Lobby Arbeit und Unterst\u00fctzung in verschiedensten Themen rund um Kultur Arbeit.<br \/>\n-&gt; http:\/\/www.igkulturwien.net<br \/>\n<strong> <\/strong><\/p>\n<p><strong>AktionsTag F13<\/strong><br \/>\nDer Tag der schwarzen Katze, dezentraler Aktionstag f\u00fcr alle die an den Rand gedr\u00e4ngt werden.<br \/>\nAn jeden Freitag den 13 in gesamt Wien und anderswo\u2026<br \/>\nhttp:\/\/www.f13.at<\/p>\n<p><strong>n3tw0rk Forum<\/strong><br \/>\nOrganisiert von der RAW, Austausch und Diskussion zu verschiedensten linken Themen.<br \/>\n-&gt; https:\/\/www.n3tw0rk.org<\/p>\n<p><strong>Anarchismus Info<\/strong><br \/>\nTexte, Adressen, Grafiken und Links rund um das Thema Anarchismus.<br \/>\n-&gt; http:\/\/www.anarchismus.at<\/p>\n<p><strong>Indymdia.at<\/strong><br \/>\nunabh\u00e4ngige Nachrichten, DIY Medium und teil des globalen Independent Media Netzwerkes<br \/>\n-&gt; http:\/\/austria.indymedia.org<\/p>\n<p><strong>kanal B<\/strong><br \/>\nKurze Dokumentationen und Filme \u00fcber verschiedenste alternative und politische Bewegungen und Aktionen.<br \/>\n-&gt; http:\/\/austria.kanalb.org<\/p>\n<p><strong>lnxnt.org &#8211; linxnet<\/strong><br \/>\nNetzdienstleistungen f\u00fcr Personen, Projekte und Gruppen die versuchen Kritik an den herrschenden Zust\u00e4nden zu \u00e4u\u00dfern.<br \/>\n-&gt; https:\/\/www.lnxnt.org<\/p>\n<p><strong>Lobauer Fr\u00fchling<\/strong><br \/>\nPlattform rund um \u00f6kologische Themen, hervorgegangen aus der Besetzung der Lobauer Au im Winter 2006<br \/>\n-&gt; http:\/\/fruehling.lobau.org<br \/>\n-&gt; http:\/\/forum.lobau.org<\/p>\n<p><strong>no-racism.net<\/strong><br \/>\nMedien und Nachrichten Portal gegen und \u00fcber Rassismus. Zeigt auf und dokumentiert was in \u00d6sterreich an den Grenzen der EU und Weltweit alles passiert und berichtet \u00fcber diverse Aktionen zum Thema.<br \/>\n-&gt; http:\/\/no-racism.net<\/p>\n<p><strong>Plattform f\u00fcr solidarische \u00d6konomie<\/strong><br \/>\nHier entsteht soeben eine Plattform f\u00fcr solidarische \u00d6konomie die aus dem Kongress im Februar 2009 hervorgeht.<\/p>\n<p><strong>Gruppen\/ Projekte aus Wien<\/strong><br \/>\nVerschiedenste Gruppen und Projekte aus den Gro\u00dfraum Wien mit denen wir in Kontakt stehen oder direkt eng zusammenarbeiten.<\/p>\n<p><strong>Aufgem\u00f6belt<\/strong><br \/>\nRecycling Firma und Werkst\u00e4tten Raum angesiedelt in der Blindengasse 38, 1080 Wien<br \/>\n-&gt; http:\/\/www.aufgemoebelt.net\/<\/p>\n<p><strong>Augustin<\/strong><br \/>\nniederschwelliges sozial Projekt, unabh\u00e4ngige Regional Zeitung f\u00fcr Wien<br \/>\n-&gt; http:\/\/www.augustin.or.at\/<\/p>\n<p><strong>Bah\u00f6 Magasin<\/strong><br \/>\nInfo und B\u00fccher Laden und Themen Abende im Kontext Anarchismus, momentan angesiedelt im Lolligo, Fischerstiege 4-8, 1010 Wien<br \/>\n-&gt; http:\/\/bahoemagasin.blogsport.de\/<\/p>\n<p><strong>Bioparadeis<\/strong><br \/>\nLebensmittel Kooperation mit DIY Charakter, biologische und regionale Lebensmittel zum Selbstkostenpreis. Angesiedelt in der Badgasse 23\/2, 1090 Wien<br \/>\n-&gt; http:\/\/www.bioparadeis.at\/<\/p>\n<p><strong>BastA<\/strong><br \/>\nist eine StudierendenGruppe auf der FH f\u00fcr Sozialarbeit die sich f\u00fcr Alternative studentische Anliegen einsetzt<br \/>\nhttp:\/\/basta.lnxnt.org\/<\/p>\n<p><strong>Bike Kitchen<\/strong><br \/>\nWer Fahrr\u00e4der mag wird die BikeKitchen lieben. Fahrradwerkstatt und (Veranstaltungs-)Raum in der Goldschlagstra\u00dfe 8, 1150 Wien<br \/>\n-&gt; http:\/\/www.bikekitchen.net\/<\/p>\n<p><strong>Critical Mass Wien<\/strong><br \/>\nGemeinsames lustvolles Fahradfahren jeden 3.Freitag im Monat (16h30 Schwarzenbergplatz) und engagierte online Fahrrad Community.<br \/>\n-&gt; http:\/\/www.criticalmass.at\/category\/wien<\/p>\n<p><strong>Das Werk<\/strong><br \/>\nVerschiedenste Projekte und Veranstaltungen rund um Musik\/ Kunst\/ Kultur und Medien.<br \/>\n-&gt; http:\/\/www.daswerk.org\/<\/p>\n<p><strong>Deserteursberatung<\/strong><br \/>\nBeratungsstelle f\u00fcr Desserteur_innen, Fl\u00fcchtlinge und Migrant_innen. Wichtige unabh\u00e4ngige Anlaufstelle. B\u00fcro in der Schottengasse 3a\/1\/59, 1010 Wien<br \/>\n-&gt; http:\/\/www.deserteursberatung.at\/<\/p>\n<p><strong>Debienna<\/strong><br \/>\nWiener Stammtisch rund um das offene Betriebssytem Debien<br \/>\n-&gt; http:\/\/www.debienna.at\/<\/p>\n<p><strong>Einbaum\u00f6bel<\/strong><br \/>\nOffener Veranstaltungs- Raum, regelm\u00e4\u00dfige Konzerte, Workshops, Lesungen, uvm.<br \/>\nAngesiedelt am W\u00e4hringer G\u00fcrtel Bogen 97 1090 Wien<br \/>\n-&gt; http:\/\/1bm.at\/<\/p>\n<p><strong>EKH<\/strong><br \/>\nSelbst verwaltetes Haus mit Veranstaltungs-, Informations-, Werkst\u00e4tten-, Medien-, und Wohnprojekten. Zu finden in der Wielandgasse 2-4 1100 Wien<br \/>\n-&gt; http:\/\/www.med-user.net\/ekh\/<\/p>\n<p><strong>FrauenZentrumWien<\/strong><br \/>\nUnabh\u00e4ngiger Raum f\u00fcr Frauen in der W\u00e4hringerstra\u00dfe 59\/6, eingang Prechtlgasse 1090 Wien.<br \/>\n-&gt; http:\/\/fz-bar.wolfsmutter.com\/<\/p>\n<p><strong>Freiraum<\/strong><br \/>\nM\u00f6chte ein (oder viele) Haus\/ Raum Projekte in Wien (und anderswo) mittels Raumaneignung erk\u00e4mpfen.<br \/>\n-&gt; http:\/\/131.130.141.146\/<\/p>\n<p><strong>GAJ<\/strong><br \/>\nDie Gr\u00fcne Alternative Jugend in der Lindengasse 40, 1070 Wien<br \/>\n-&gt; http:\/\/www.gajwien.at\/<\/p>\n<p><strong>Grundrisse<\/strong><br \/>\nPlattformen f\u00fcr Linke Theorie und Debatte<br \/>\n-&gt; http:\/\/www.grundrisse.net\/<\/p>\n<p><strong>i:da<\/strong><br \/>\nAnarchistisches Kollektiv, Veranstaltungs Raum und Ort f\u00fcr verschiedene andere Projekte. In der Zw\u00f6lfergasse 9, 1150 Wien.<br \/>\n-&gt; http:\/\/ideedirekteaktion.at\/<\/p>\n<p><strong>Kama<\/strong><br \/>\nKursangebot mit Asylwerber_innen, Migrant_innen und Asylberechtigten<br \/>\n-&gt; http:\/\/www.kama.or.at<\/p>\n<p><strong>keine_uni<\/strong><br \/>\nNetzwerk und verschiedenste Projekte die Semester weise organisiert werden. Von Lesekreisen \u00fcber Werkst\u00e4tten bis hin zu Aktionen.<br \/>\n-&gt; http:\/\/www.keineuni.org\/<\/p>\n<p><strong>Lolligo<\/strong><br \/>\nKinderCaf\u00e9 in der Fischerstiege 4-8, 1010 Wien<br \/>\n-&gt; http:\/\/www.lolligo.net\/<\/p>\n<p><strong>Lichtungen<\/strong><br \/>\nFotografieKolektiv<br \/>\n-&gt; http:\/\/www.lichtungen.com<\/p>\n<p><strong>Mik22<\/strong><br \/>\nK\u00fcnstlerische Zwischennutzung eines ehemaligen Marktes am Genochplatz in Wien 22.<br \/>\n-&gt; http:\/\/www.mik22.tk\/<\/p>\n<p><strong>Movimento<\/strong><br \/>\nmomentan Raumloses Projekt das auf Antworten seitens der Stadt Wien wartet und seine R\u00e4ume am 31.12.2007 verloren hat.<br \/>\nhttp:\/\/www.myspace.com\/clubmovimento<\/p>\n<p><strong>Pankahyttn<\/strong><br \/>\nSelbst verwaltetes Haus und Wohnprojekt in der Johnstrasse 45, 1150 Wien<br \/>\n-&gt; http:\/\/www.pankahyttn.isdrin.at\/<\/p>\n<p><strong>Rosa Antifa Wien<\/strong><br \/>\nPlattform gegen Faschismus, Rassismus, Sexismus, Homophobie u.\u00e4.<br \/>\nEigenst\u00e4ndiges RaumProjekt: das que[e]r in der Wipplingerstrasse 23 \/ 1010 Wien<br \/>\n-&gt; http:\/\/www.raw.at\/<br \/>\n-&gt; http:\/\/www.n3tw0rk.org\/<\/p>\n<p><strong>SiebdruckWerkstatt<\/strong><br \/>\nangesiedelt in der i:da Zw\u00f6lfergasse 9, 1050 Wien<\/p>\n<p><strong>Subterrarium<\/strong><br \/>\nRaum und Plattform f\u00fcr experimentelle Kunst. J\u00f6rgerstrasse 23 \/ Kellereingang1170 Wien<br \/>\n-&gt; http:\/\/subterrarium.blogs.sonance.net\/<\/p>\n<p><strong>T\u00fcwi<\/strong><br \/>\nVeranstaltungs und Hofladen Projekt bei der Boku. Peter-Jordan 76 \/ Ecke D\u00e4nenstrasse \/ A-1190<br \/>\n-&gt; http:\/\/tuewi.action.at\/<\/p>\n<p><strong>T\u00f6chter der Kunst<\/strong><br \/>\nKunst und Theater<br \/>\n-&gt; http:\/\/www.toechterderkunst.at<\/p>\n<p><strong>United Aliens<\/strong><br \/>\nAktionsmus und Medien Projekt<br \/>\n-&gt; http:\/\/www.unitedaliens.at<\/p>\n<p><strong>uoqbon<\/strong><br \/>\nAuf \u00d6kologie und Nachhaltigkeit bedachter Veranstaltungs- und Projekt Raum in der Geibelgasse 23 (Kellereingang links), 1150 wien<br \/>\n-&gt; http:\/\/www.uoqbon.obda.net\/<\/p>\n<p><strong>Vekks<\/strong><br \/>\nVeranstaltung und Kultur Raum in der Zentagasse 26\/Gasseneingang 1050 Wien<br \/>\n-&gt; http:\/\/vekks.yi.org\/<\/p>\n<p><strong>Wagenplatz<\/strong><br \/>\nDer bisher einzige seiner Art in Wien. Wohnprojekt in der Kimmerlgasse nr. 1367-1368 1110 Wien<br \/>\n-&gt; http:\/\/www.wagenplatz.at<\/p>\n<p><strong>W417<\/strong><br \/>\nWohnprojekt mit ein mal Monatlich Vok\u00fc &amp; Filmabend. Weissgasse 4, 1170 Wien<br \/>\n-&gt; http:\/\/w417.lnxnt.org\/<\/p>\n<p><strong>WEG<\/strong><br \/>\nWertkritische Gruppe, organisiert u.a. den KostNixLaden in der Zentagasse 26, 1050 Wien<br \/>\n-&gt; http:\/\/www.umsonstladen.at\/<br \/>\n-&gt; http:\/\/www.geldlos.at\/<\/p>\n<p><strong>Projekte\/ Gruppen\/ Plattformen\/ Netzwerke aus anderen Teilen \u00d6sterreichs<\/strong><br \/>\nDa wir bisher noch nicht sehr weit mit unserer Arbeit aus Wien hinausgekommen sind wird\u2019s f\u00fcr den Anfang noch etwas leer sein&#8230; aber sonst halt alles was im Rest von \u00d6sterreich so passiert und wo sich Menschen finden die ebenfalls an einer anderen Kulturellen Landschaft werken.<\/p>\n<p><strong>\u00d6-Weit:<\/strong><\/p>\n<p><strong> Die Normale<\/strong><br \/>\nGesellschafts- und wirtschaftspolitische DokumentarfilmFest das einen anderen Blick auf das Medium Film zul\u00e4sst. Die Normale macht auch Filmvorf\u00fcrungen an Schulen und im \u00f6ffentlichen Raum.<br \/>\n-&gt; http:\/\/normale.at\/<\/p>\n<p><strong>Critical mass<\/strong><br \/>\nin mehren St\u00e4dten treffen sich regelm\u00e4\u00dfig Menschen um sich gemeinsam tempor\u00e4r, mit ihren Fahrr\u00e4dern, den Stra\u00dfen Raum an zueignen.<br \/>\n-&gt; http:\/\/www.criticalmass.at\/<\/p>\n<p><strong>Freegan<\/strong><br \/>\nAlles rund um weggeworfene  Lebensmittel und Konsumkritik.<br \/>\n-&gt; http:\/\/www.freegan.at\/<\/p>\n<p><strong>Ober\u00f6sterreich:<\/strong><\/p>\n<p><strong> Kultur SozialForum Freiwerk<\/strong><br \/>\norganisieren u.a. das einmal im Jahr statt findende \u201eBockMas\u201c Festival zugunsten von Ute Bock<br \/>\n-&gt; http:\/\/www.freiwerk.org\/<\/p>\n<p><strong>Projekte\/ Gruppen\/ Plattformen\/ Netzwerke\/ Weltweit<\/strong><br \/>\nebenfalls noch d\u00fcnn besiedelt; aber auch da wird sich noch einiges tun.<\/p>\n<p><strong>Worldwide:<\/strong><\/p>\n<p><strong> Indymdia.org<\/strong><br \/>\nunabh\u00e4ngige Nachrichten, DIY Medium mit \u00fcber 100 lokalen und regionalen Ablegern<br \/>\n-&gt; http:\/\/indymedia.org\/<\/p>\n<p><strong>Paris:<br \/>\nbon pied bon oeil collectif<\/strong><br \/>\nKollektiv f\u00fcr Fotografie Video Kunst und Dokumentation. Machen \u00f6fter mal Ausstellungen im \u00f6ffentlichen Raum.<br \/>\n-&gt; http:\/\/bonpiedbonoeil.net\/<\/p>\n<p><strong>Deutschland:<\/strong><\/p>\n<p><strong>Projektwerkstatt<\/strong><br \/>\nTheoretisches und Praktisches rund um DIY und \u00d6ko Themen<br \/>\nLudwigstr. 11, 35447 Reiskirchen<br \/>\n-&gt; http:\/\/www.projektwerkstatt.de\/<\/p>\n<p><strong>Berlin<\/strong>:<\/p>\n<p><strong>ABB<\/strong><br \/>\nABOLISHING THE BORDERS FROM BELOW: Anarchist Journal for Eastern Europe. Kollektives Medien Projekt das in Berlin beheimatet ist. Tolle Zeitung die 1\/4 j\u00e4hrlich erscheint und einen Einblick in Regionen und Projekte gibt von denen Mensch sonst wenig mitbekommt.<br \/>\n-&gt; http:\/\/www.abb.hardcore.lt\/<\/p>\n<p><strong>Texte und Material zum Thema:<\/strong><\/p>\n<p><strong> Innovationspreis 2008<\/strong><br \/>\n<a href=\"http:\/\/kukuma.blogsport.eu\/links\/einreichung-inovationspreis-2008\/\" target=\"_self\">-&gt; http:\/\/kukuma.blogsport.eu\/links\/einreichung-inovationspreis-2008\/<\/a><br \/>\nZum Thema Vernetzung gab es eine Einreichung von der KuKuMA-Gruppe Kaleidoskop. Das PDF mit der Einreichung- &gt; Kaleidoskop Einreichung Inno08. Im Rahmen der Innovationsschau wurde auch der Freiraum im MQ am 13.11. von 14h-20h und durchgehend w\u00e4hrend der Innovationsschau bespielt. Das Projekt erhielt den 4.Platz in der Kategorie Wien (von 46 Einreichungen).<\/p>\n<p><strong>Folder Aktionstag 21.09.07<\/strong><\/p>\n<p><a href=\"http:\/\/kukuma.blogsport.de\/images\/Folder210907.pdf\" target=\"_self\"><img loading=\"lazy\" decoding=\"async\" class=\"alignnone\" src=\"http:\/\/farm4.static.flickr.com\/3020\/2970147482_3be8b7680e.jpg\" alt=\"\" width=\"500\" height=\"478\" \/><\/a><\/p>\n<p>Und wenn du bei einem Projekt\/ einer Gruppe dabei bist, die bis jetzt noch nicht am Netzwerk beteiligt ist, dann meldet euch unter:<\/p>\n<p>-&gt; office [at] kukuma.info.<\/p>\n<p><strong>Gemeinsam statt einsam!<\/strong><\/p>\n","protected":false},"excerpt":{"rendered":"<p>vernetz dich! VernetzungsArbeit findet Stadt! Momentan suchen wir ein Link-System das eher unseren Bed\u00fcrfnissen entspricht und wordpress kompatible ist &#8211; sobald wir es gefunden haben wird es hier \u00fcbersichtlicher! \/\/ Gruppen\/ Plattformen und Projekte im erweiterten Netzwerk \/\/ Vernetzung (die): Etwas wor\u00fcber gerne (und viel) geredet wird (und selten etwas passiert). Deshalb Vernetzungsarbeit in Wien [&hellip;]<\/p>\n","protected":false},"author":3,"featured_media":0,"parent":0,"menu_order":0,"comment_status":"open","ping_status":"open","template":"1l-sidebar.php","meta":{"footnotes":""},"class_list":["post-37","page","type-page","status-publish","hentry"],"_links":{"self":[{"href":"https:\/\/kukuma.org\/index.php?rest_route=\/wp\/v2\/pages\/37","targetHints":{"allow":["GET"]}}],"collection":[{"href":"https:\/\/kukuma.org\/index.php?rest_route=\/wp\/v2\/pages"}],"about":[{"href":"https:\/\/kukuma.org\/index.php?rest_route=\/wp\/v2\/types\/page"}],"author":[{"embeddable":true,"href":"https:\/\/kukuma.org\/index.php?rest_route=\/wp\/v2\/users\/3"}],"replies":[{"embeddable":true,"href":"https:\/\/kukuma.org\/index.php?rest_route=%2Fwp%2Fv2%2Fcomments&post=37"}],"version-history":[{"count":2,"href":"https:\/\/kukuma.org\/index.php?rest_route=\/wp\/v2\/pages\/37\/revisions"}],"predecessor-version":[{"id":695,"href":"https:\/\/kukuma.org\/index.php?rest_route=\/wp\/v2\/pages\/37\/revisions\/695"}],"wp:attachment":[{"href":"https:\/\/kukuma.org\/index.php?rest_route=%2Fwp%2Fv2%2Fmedia&parent=37"}],"curies":[{"name":"wp","href":"https:\/\/api.w.org\/{rel}","templated":true}]}}