{"id":35,"date":"2010-09-14T22:33:12","date_gmt":"2010-09-14T22:33:12","guid":{"rendered":"http:\/\/kukuma.blogsport.eu\/"},"modified":"2015-11-13T09:12:40","modified_gmt":"2015-11-13T08:12:40","slug":"gruppen","status":"publish","type":"page","link":"https:\/\/kukuma.org\/?page_id=35","title":{"rendered":"Gruppen"},"content":{"rendered":"<p><strong><em>eigenst\u00e4ndige Gruppe im Rahmes des KuKuMA-Netzwerkes<\/em><\/strong><\/p>\n<p>&#8212;&#8212;- &#8212;&#8212;&#8211; &#8212;&#8212;- &#8212;&#8212;&#8211; &#8212;&#8212;- &#8212;&#8212;&#8211;<\/p>\n<p><a href=\"http:\/\/syndicar.org\/\"><strong>Syndicars<\/strong><\/a><\/p>\n<p><em>Infrastruktur f\u00fcr Kunst und Kultur &#8211; Busse zum ausborgen<\/em><\/p>\n<p>Kontakt: syndicar [at] KuKuMA.org<\/p>\n<p><a href=\"http:\/\/www.syndicar.org\" title=\"syndicar\" target=\"_blank\">http:\/\/www.syndicar.org<\/a><\/p>\n<p>&#8212;&#8212;- &#8212;&#8212;&#8211; &#8212;&#8212;- &#8212;&#8212;&#8211; &#8212;&#8212;- &#8212;&#8212;&#8211;<\/p>\n<p><a href=\"http:\/\/planlos.kukuma.org\/\"><strong>Plan.los!<\/strong><\/a><\/p>\n<p><em>Kultur\/ Projekt &amp;<\/em><em>Event organisatorisches<\/em><\/p>\n<p>Kontakt: panlos [at] KuKuMA.info<\/p>\n<p>&#8212;&#8212;- &#8212;&#8212;&#8211; &#8212;&#8212;- &#8212;&#8212;&#8211; &#8212;&#8212;- &#8212;&#8212;&#8211;<\/p>\n<p><a href=\"http:\/\/kaleidoskop.kukuma.org\"><strong>Kaleidoskop<\/strong><\/a><\/p>\n<p><em>anarchistischer Freiraum<\/em><br \/>\n<strong>Sch\u00f6nbrunnerstra\u00dfe 91, 1050 Wien<\/strong><br \/>\n(n\u00e4he U4 Pilgramgasse)<\/p>\n<p>Kontakt: kaleidoskop [at] riseup.net<\/p>\n<p>&#8212;&#8212;- &#8212;&#8212;&#8211; &#8212;&#8212;- &#8212;&#8212;&#8211; &#8212;&#8212;- &#8212;&#8212;&#8211;<\/p>\n<p><strong><a href=\"http:\/\/perpetuummobile.kukuma.org\/\">PerpetuuMobile 2.3<\/a><\/strong><\/p>\n<p>Siebdruckwerkstatt, Foodcoop, Kulturprojekt<em><\/em><br \/>\n<strong>Geibelgasse 23, 1150 Wien<\/strong><br \/>\n(n\u00e4he U6\/U4 L\u00e4ngenfeldgasse, U6 Gumpendorferstra\u00dfe, U3\/U6 Westbahnhof)<\/p>\n<p>Kontakt: perpetuummobile [at] kukuma.org<\/p>\n<p>&#8212;&#8212;- &#8212;&#8212;&#8211; &#8212;&#8212;- &#8212;&#8212;&#8211; &#8212;&#8212;- &#8212;&#8212;&#8211;<\/p>\n<p><a href=\"http:\/\/www.kukuma.org\/blog\/ai1ec_event\/kukuma-jongliertreffen-2-halbjahr-2013\/?instance_id=10062071\"><strong>Jonglieren<\/strong><\/a><\/p>\n<p>regelm\u00e4\u00dfige (Feuer-) Treffen, meist Sonntags.<\/p>\n<p>Kontakt: jongliere [at] KuKuMA.info<\/p>\n<p>&#8212;&#8212;- &#8212;&#8212;&#8211; &#8212;&#8212;- &#8212;&#8212;&#8211; &#8212;&#8212;- &#8212;&#8212;&#8211;<\/p>\n<p><a href=\"http:\/\/infloladen.kukuma.org\"><strong>KuKuMA Infoladen \/ Biblio:media&gt;take<\/strong><\/a><\/p>\n<p><em>Der KuKuMA Infoladen unterwegs &amp; zu Hause im Kaleidoskop<\/em><\/p>\n<p>Kontakt: infoladen [at] KuKuMA.org<\/p>\n<p>&#8212;&#8212;- &#8212;&#8212;&#8211; &#8212;&#8212;- &#8212;&#8212;&#8211; &#8212;&#8212;- &#8212;&#8212;&#8211;<\/p>\n<p><a href=\"http:\/\/ggardening.kukuma.org\"><strong>Guerilla Gardenig<\/strong><\/a><\/p>\n<p>subversive Stadtbegr\u00fcnung, Gr\u00fcnraum f\u00fcr alle!<\/p>\n<p>Kontakt: ggardening [at] KuKuMA.info<\/p>\n<p>&#8212;&#8212;- &#8212;&#8212;&#8211; &#8212;&#8212;- &#8212;&#8212;&#8211; &#8212;&#8212;- &#8212;&#8212;&#8211;<\/p>\n<p>&nbsp;<\/p>\n<p><strong>ehemalige Projekte\/ Gruppen<\/strong><\/p>\n<p>&#8212;&#8212;- &#8212;&#8212;&#8211; &#8212;&#8212;- &#8212;&#8212;&#8211; &#8212;&#8212;- &#8212;&#8212;&#8211;<\/p>\n<p><a href=\"http:\/\/http:\/\/jenseits.blogsport.eu\/\"><strong>ZeitungsProjekt &#8222;Jenseits&#8220;<\/strong><\/a><br \/>\nmehrmals J\u00e4hrlich ca.40 Seiten; offene Redaktionssitzungen in unregelm\u00e4\u00dfigen Abst\u00e4nden<\/p>\n<p>Kontakt: jenseits [at] KuKuMA.info<\/p>\n<p>&#8212;&#8212;- &#8212;&#8212;&#8211; &#8212;&#8212;- &#8212;&#8212;&#8211; &#8212;&#8212;- &#8212;&#8212;&#8211;<\/p>\n<p><a href=\"http:\/\/narrenfreiheit.blogsport.eu\/\"><strong>Literaturgruppe &#8222;Narenfreiheit&#8220;<\/strong><\/a><br \/>\noffene Literaturplattform; schreiben, lesen, austauschen<\/p>\n<p>Kontakt: Narrenfreiheit [at] KuKuMA.info<\/p>\n<p>&#8212;&#8212;- &#8212;&#8212;&#8211; &#8212;&#8212;- &#8212;&#8212;&#8211; &#8212;&#8212;- &#8212;&#8212;&#8211;<\/p>\n","protected":false},"excerpt":{"rendered":"<p>eigenst\u00e4ndige Gruppe im Rahmes des KuKuMA-Netzwerkes &#8212;&#8212;- &#8212;&#8212;&#8211; &#8212;&#8212;- &#8212;&#8212;&#8211; &#8212;&#8212;- &#8212;&#8212;&#8211; Syndicars Infrastruktur f\u00fcr Kunst und Kultur &#8211; Busse zum ausborgen Kontakt: syndicar [at] KuKuMA.org http:\/\/www.syndicar.org &#8212;&#8212;- &#8212;&#8212;&#8211; &#8212;&#8212;- &#8212;&#8212;&#8211; &#8212;&#8212;- &#8212;&#8212;&#8211; Plan.los! Kultur\/ Projekt &amp;Event organisatorisches Kontakt: panlos [at] KuKuMA.info &#8212;&#8212;- &#8212;&#8212;&#8211; &#8212;&#8212;- &#8212;&#8212;&#8211; &#8212;&#8212;- &#8212;&#8212;&#8211; Kaleidoskop anarchistischer Freiraum Sch\u00f6nbrunnerstra\u00dfe 91, 1050 Wien [&hellip;]<\/p>\n","protected":false},"author":3,"featured_media":0,"parent":0,"menu_order":0,"comment_status":"open","ping_status":"open","template":"","meta":{"footnotes":""},"class_list":["post-35","page","type-page","status-publish","hentry"],"_links":{"self":[{"href":"https:\/\/kukuma.org\/index.php?rest_route=\/wp\/v2\/pages\/35","targetHints":{"allow":["GET"]}}],"collection":[{"href":"https:\/\/kukuma.org\/index.php?rest_route=\/wp\/v2\/pages"}],"about":[{"href":"https:\/\/kukuma.org\/index.php?rest_route=\/wp\/v2\/types\/page"}],"author":[{"embeddable":true,"href":"https:\/\/kukuma.org\/index.php?rest_route=\/wp\/v2\/users\/3"}],"replies":[{"embeddable":true,"href":"https:\/\/kukuma.org\/index.php?rest_route=%2Fwp%2Fv2%2Fcomments&post=35"}],"version-history":[{"count":12,"href":"https:\/\/kukuma.org\/index.php?rest_route=\/wp\/v2\/pages\/35\/revisions"}],"predecessor-version":[{"id":215479,"href":"https:\/\/kukuma.org\/index.php?rest_route=\/wp\/v2\/pages\/35\/revisions\/215479"}],"wp:attachment":[{"href":"https:\/\/kukuma.org\/index.php?rest_route=%2Fwp%2Fv2%2Fmedia&parent=35"}],"curies":[{"name":"wp","href":"https:\/\/api.w.org\/{rel}","templated":true}]}}